{"id":602,"date":"2022-09-06T18:59:43","date_gmt":"2022-09-06T18:59:43","guid":{"rendered":"https:\/\/cedecenter.com\/educacion\/?post_type=product&#038;p=602"},"modified":"2022-09-06T19:02:09","modified_gmt":"2022-09-06T19:02:09","slug":"admision-universidades","status":"publish","type":"product","link":"https:\/\/cedecenter.com\/educacion\/producto\/admision-universidades\/","title":{"rendered":"Admisi\u00f3n Universidades"},"content":{"rendered":"<p>-Admisi\u00f3n Universidades Ingenier\u00edas<br \/>\n&#8211; Admisi\u00f3n Universidades Medicina<br \/>\n&#8211; Admisi\u00f3n Universidades Sistemas<br \/>\n&#8211; Admisi\u00f3n Universidades Veterinaria<\/p>\n<p>&#8211; Admisi\u00f3n Universidades Administraci\u00f3n y Contabilidad<br \/>\n&#8211; Admisi\u00f3n Universidades Derecho<br \/>\n&#8211; Admisi\u00f3n Universidades Psicolog\u00eda<br \/>\n&#8211; Admisi\u00f3n Universidades Arquitectura<\/p>\n","protected":false},"excerpt":{"rendered":"<p>-Admisi\u00f3n Universidades Ingenier\u00edas &#8211; Admisi\u00f3n Universidades Medicina &#8211; Admisi\u00f3n Universidades Sistemas &#8211; Admisi\u00f3n Universidades Veterinaria &#8211; Admisi\u00f3n Universidades Administraci\u00f3n y Contabilidad &#8211; Admisi\u00f3n Universidades Derecho &#8211; Admisi\u00f3n Universidades Psicolog\u00eda &#8211; Admisi\u00f3n Universidades Arquitectura<\/p>\n","protected":false},"featured_media":0,"comment_status":"open","ping_status":"closed","template":"","meta":[],"product_cat":[41],"product_tag":[],"acf":[],"_links":{"self":[{"href":"https:\/\/cedecenter.com\/educacion\/wp-json\/wp\/v2\/product\/602"}],"collection":[{"href":"https:\/\/cedecenter.com\/educacion\/wp-json\/wp\/v2\/product"}],"about":[{"href":"https:\/\/cedecenter.com\/educacion\/wp-json\/wp\/v2\/types\/product"}],"replies":[{"embeddable":true,"href":"https:\/\/cedecenter.com\/educacion\/wp-json\/wp\/v2\/comments?post=602"}],"version-history":[{"count":3,"href":"https:\/\/cedecenter.com\/educacion\/wp-json\/wp\/v2\/product\/602\/revisions"}],"predecessor-version":[{"id":606,"href":"https:\/\/cedecenter.com\/educacion\/wp-json\/wp\/v2\/product\/602\/revisions\/606"}],"wp:attachment":[{"href":"https:\/\/cedecenter.com\/educacion\/wp-json\/wp\/v2\/media?parent=602"}],"wp:term":[{"taxonomy":"product_cat","embeddable":true,"href":"https:\/\/cedecenter.com\/educacion\/wp-json\/wp\/v2\/product_cat?post=602"},{"taxonomy":"product_tag","embeddable":true,"href":"https:\/\/cedecenter.com\/educacion\/wp-json\/wp\/v2\/product_tag?post=602"}],"curies":[{"name":"wp","href":"https:\/\/api.w.org\/{rel}","templated":true}]}}