{"id":383,"date":"2022-08-17T14:45:34","date_gmt":"2022-08-17T14:45:34","guid":{"rendered":"https:\/\/cedecenter.com\/educacion\/registro-de-estudiante\/"},"modified":"2022-08-17T14:45:34","modified_gmt":"2022-08-17T14:45:34","slug":"registro-de-estudiante","status":"publish","type":"page","link":"https:\/\/cedecenter.com\/educacion\/registro-de-estudiante\/","title":{"rendered":"Registro de Estudiante"},"content":{"rendered":"\n\n\n    <form method=\"post\" enctype=\"multipart\/form-data\" id=\"tutor-registration-from\">\n        <input type=\"hidden\" name=\"tutor_course_enroll_attempt\" value=\"\">\n        \n        <input type=\"hidden\" id=\"_tutor_nonce\" name=\"_tutor_nonce\" value=\"868baa1644\" \/><input type=\"hidden\" name=\"_wp_http_referer\" value=\"\/educacion\/wp-json\/wp\/v2\/pages\/383\" \/>        <input type=\"hidden\" value=\"tutor_register_student\" name=\"tutor_action\"\/>\n\n        \n        <div class=\"tutor-form-row\">\n            <div class=\"tutor-form-col-6\">\n                <div class=\"tutor-form-group\">\n                    <label>\n                        Nombre                    <\/label>\n\n                    <input type=\"text\" name=\"first_name\" value=\"\" placeholder=\"Nombre\" required autocomplete=\"given-name\">\n                <\/div>\n            <\/div>\n\n            <div class=\"tutor-form-col-6\">\n                <div class=\"tutor-form-group\">\n                    <label>\n                        Apellidos                    <\/label>\n\n                    <input type=\"text\" name=\"last_name\" value=\"\" placeholder=\"Apellidos\" required autocomplete=\"family-name\">\n                <\/div>\n            <\/div>\n\n        <\/div>\n\n        <div class=\"tutor-form-row\">\n            <div class=\"tutor-form-col-6\">\n                <div class=\"tutor-form-group\">\n                    <label>\n                        Nombre de usuario                    <\/label>\n\n                    <input type=\"text\" name=\"user_login\" class=\"tutor_user_name\" value=\"\" placeholder=\"Nombre de usuario\" required autocomplete=\"username\">\n                <\/div>\n            <\/div>\n\n            <div class=\"tutor-form-col-6\">\n                <div class=\"tutor-form-group\">\n                    <label>\n                        Correo electr\u00f3nico                    <\/label>\n\n                    <input type=\"text\" name=\"email\" value=\"\" placeholder=\"Correo electr\u00f3nico\" required autocomplete=\"email\">\n                <\/div>\n            <\/div>\n\n        <\/div>\n\n        <div class=\"tutor-form-row\">\n            <div class=\"tutor-form-col-6\">\n                <div class=\"tutor-form-group\">\n                    <label>\n                        Contrase\u00f1a                    <\/label>\n\n                    <input type=\"password\" name=\"password\" value=\"\" placeholder=\"Contrase\u00f1a\" required autocomplete=\"new-password\">\n                <\/div>\n            <\/div>\n\n            <div class=\"tutor-form-col-6\">\n                <div class=\"tutor-form-group\">\n                    <label>\n                        Confirmaci\u00f3n de contrase\u00f1a                    <\/label>\n\n                    <input type=\"password\" name=\"password_confirmation\" value=\"\" placeholder=\"Confirmaci\u00f3n de contrase\u00f1a\" required autocomplete=\"new-password\">\n                <\/div>\n            <\/div>\n        <\/div>\n\n\n        <div class=\"tutor-form-row\">\n            <div class=\"tutor-form-col-12\">\n                <div class=\"tutor-form-group\">\n                                <\/div>\n            <\/div>\n        <\/div>    \n\n        \n                \n        \n        <div>\n            <button type=\"submit\" name=\"tutor_register_student_btn\" value=\"register\" class=\"tutor-btn tutor-btn-primary\">Reg\u00edstrate<\/button>\n        <\/div>\n\n    <\/form>\n    ","protected":false},"excerpt":{"rendered":"<p>Nombre Apellidos Nombre de usuario Correo electr\u00f3nico Contrase\u00f1a Confirmaci\u00f3n de contrase\u00f1a Reg\u00edstrate<\/p>\n","protected":false},"author":1,"featured_media":0,"parent":0,"menu_order":0,"comment_status":"closed","ping_status":"closed","template":"","meta":{"_joinchat":[],"footnotes":""},"acf":[],"_links":{"self":[{"href":"https:\/\/cedecenter.com\/educacion\/wp-json\/wp\/v2\/pages\/383"}],"collection":[{"href":"https:\/\/cedecenter.com\/educacion\/wp-json\/wp\/v2\/pages"}],"about":[{"href":"https:\/\/cedecenter.com\/educacion\/wp-json\/wp\/v2\/types\/page"}],"author":[{"embeddable":true,"href":"https:\/\/cedecenter.com\/educacion\/wp-json\/wp\/v2\/users\/1"}],"replies":[{"embeddable":true,"href":"https:\/\/cedecenter.com\/educacion\/wp-json\/wp\/v2\/comments?post=383"}],"version-history":[{"count":0,"href":"https:\/\/cedecenter.com\/educacion\/wp-json\/wp\/v2\/pages\/383\/revisions"}],"wp:attachment":[{"href":"https:\/\/cedecenter.com\/educacion\/wp-json\/wp\/v2\/media?parent=383"}],"curies":[{"name":"wp","href":"https:\/\/api.w.org\/{rel}","templated":true}]}}